{"id":737,"date":"2019-09-10T10:17:49","date_gmt":"2019-09-10T10:17:49","guid":{"rendered":"http:\/\/localhost\/it-bizz\/?page_id=737"},"modified":"2024-06-23T12:44:40","modified_gmt":"2024-06-23T12:44:40","slug":"aboutus","status":"publish","type":"page","link":"https:\/\/www.thb.com.tr\/en\/aboutus\/","title":{"rendered":"About Us"},"content":{"rendered":"<div class=\"wpb-content-wrapper\"><p>[vc_row tm_bgimagefixed=&#8221;&#8221; break_in_responsive=&#8221;991&#8243; full_width=&#8221;stretch_row&#8221; css=&#8221;.vc_custom_1574930574281{padding-bottom: 71px !important;}&#8221; tm_responsive_css=&#8221;11067458|colbreak_no|||||||||colbreak_no|||||50px||40px||colbreak_no||||||||||colbreak_no|||||||||&#8221;][vc_column width=&#8221;1\/2&#8243; css=&#8221;.vc_custom_1574930176063{padding-top: 72px !important;}&#8221; tm_responsive_css=&#8221;63397116|colbreak_no|||||||||colbreak_no|||||0px|15px|||colbreak_no||||||||||colbreak_no|||||||||&#8221;]<div class=\"tm-element-heading-wrapper tm-heading-inner tm-element-align-left tm-seperator-solid tm-heading-style-vertical \"><section class=\"tm-vc_cta3-container\"><div class=\"tm-vc_general tm-vc_cta3 tm-cta3-only tm-vc_cta3-style-classic tm-vc_cta3-shape-rounded tm-vc_cta3-align-left tm-vc_cta3-color-transparent tm-vc_cta3-icon-size-md tm-vc_cta3-actions-no tm-cta3-with-desc\"><div class=\"tm-vc_cta3_content-container\"><div class=\"tm-vc_cta3-content\"><header class=\"tm-vc_cta3-content-header tm-wrap\"><div class=\"tm-vc_cta3-headers tm-wrap-cell\"><h4 class=\"tm-custom-heading \" >About Us<\/h4>\n<h2 class=\"tm-custom-heading \" >Thb Kalayl\u0131o\u011flu H\u0131rdavat Ltd. \u015eti<\/h2>\n<\/div><\/header><div class=\"tm-cta3-content-wrapper\"><p><strong>We have been delivering our products and services to our customers since 1981.<\/strong><\/p><\/div><\/div><\/div><\/div><\/section><\/div> <!-- .tm-element-heading-wrapper container --> [vc_row_inner][vc_column_inner][vc_column_text]In <em><strong>February 1981<\/strong><\/em>, our company was founded in Karak\u00f6y &#8220;<strong><em>Thursday Market&#8221;<\/em><\/strong>\u00a0by Architect Burhan Kalayl\u0131o\u011flu and deceased manager H\u00fcseyin Kalayl\u0131o\u011flu.<\/p>\n<p>Our entry into the hardware market was through the Karak\u00f6y dealership and sale of the <em><strong>THB Die Set<\/strong><\/em> manufactured by Turhan Kalayl\u0131o\u011flu (the first die production in Turkey). The company&#8217;s production continued with <strong><em>THB Industrial Chalks<\/em><\/strong>.<\/p>\n<p>Since the day we were founded, in our stores in Karak\u00f6y and Perpa; We offer sales services to the iron and steel industry, factories, small industrial companies and the construction sector for the technical products of which we are dealers and sellers.[\/vc_column_text][\/vc_column_inner][\/vc_row_inner][\/vc_column][vc_column width=&#8221;1\/2&#8243; el_class=&#8221;tm-reset-content-leftall-991&#8243;][vc_single_image image=&#8221;2044&#8243; img_size=&#8221;full&#8221; alignment=&#8221;right&#8221; css=&#8221;.vc_custom_1714859072383{margin-bottom: 0px !important;}&#8221;][\/vc_column][\/vc_row][vc_row tm_bgimagefixed=&#8221;&#8221; full_width=&#8221;stretch_row&#8221; css=&#8221;.vc_custom_1574925350291{padding-top: 0px !important;padding-bottom: 0px !important;}&#8221;][vc_column tm_bgcolor=&#8221;grey&#8221; reduce_extra_padding=&#8221;991&#8243; tm_col_bg_expand=&#8221;left&#8221; tm_zindex=&#8221;1&#8243; tm_responsive_css=&#8221;54466628|colbreak_no|||||||||colbreak_no||||0px|||||colbreak_no||||||||||colbreak_no|||||||||&#8221; css=&#8221;.vc_custom_1574931331489{margin-left: -15px !important;padding-top: 50px !important;padding-right: 62px !important;padding-bottom: 42px !important;padding-left: 30px !important;}&#8221;][vc_row_inner break_in_responsive=&#8221;991&#8243;][vc_column_inner width=&#8221;1\/2&#8243;][vc_single_image image=&#8221;2080&#8243; img_size=&#8221;full&#8221; css=&#8221;.vc_custom_1714859035394{margin-bottom: 0px !important;}&#8221;]<div class=\"tm-element-heading-wrapper tm-heading-inner tm-element-align-left tm-seperator-none tm-heading-style-vertical  tm-bgcolor-skincolor tm-custom-cta-box\"><section class=\"tm-vc_cta3-container tm-bgcolor-skincolor tm-custom-cta-box\"><div class=\"tm-vc_general tm-vc_cta3 tm-cta3-only tm-vc_cta3-style-classic tm-vc_cta3-shape-rounded tm-vc_cta3-align-left tm-vc_cta3-color-transparent tm-vc_cta3-icon-size-md tm-vc_cta3-actions-no tm-cta3-without-desc\"><div class=\"tm-vc_cta3_content-container\"><div class=\"tm-vc_cta3-content\"><header class=\"tm-vc_cta3-content-header tm-wrap\"><div class=\"tm-vc_cta3-headers tm-wrap-cell\"><h2 style=\"font-size:24px;line-height:30px;font-family:'Playfair Display',Arial,Helvetica;font-style:italic;font-weight:700;\" class=\"tm-custom-heading \" >Our 43rd Year<\/h2>\n<h4 style=\"font-size:13px;line-height:26px;\" class=\"tm-custom-heading \" >We are a leading company in the hardware industry.<\/h4>\n<\/div><\/header><\/div><\/div><\/div><\/section><\/div> <!-- .tm-element-heading-wrapper container --> [\/vc_column_inner][vc_column_inner width=&#8221;1\/2&#8243; css=&#8221;.vc_custom_1568021181657{padding-left: 25px !important;}&#8221; tm_responsive_css=&#8221;51079452|colbreak_no|||||||||colbreak_no|||||20px|||15px|colbreak_no||||||||||colbreak_no|||||||||&#8221;]<div class=\"tm-element-heading-wrapper tm-heading-inner tm-element-align-left tm-seperator-solid tm-heading-style-vertical \"><section class=\"tm-vc_cta3-container\"><div class=\"tm-vc_general tm-vc_cta3 tm-cta3-only tm-vc_cta3-style-classic tm-vc_cta3-shape-rounded tm-vc_cta3-align-left tm-vc_cta3-color-transparent tm-vc_cta3-icon-size-md tm-vc_cta3-actions-no tm-cta3-with-desc\"><div class=\"tm-vc_cta3_content-container\"><div class=\"tm-vc_cta3-content\"><header class=\"tm-vc_cta3-content-header tm-wrap\"><div class=\"tm-vc_cta3-headers tm-wrap-cell\"><h4 class=\"tm-custom-heading \" >What Do We Do?<\/h4>\n<h2 class=\"tm-custom-heading \" >We are the leading company in the supply of hardware products and heat chalk.<\/h2>\n<\/div><\/header><div class=\"tm-cta3-content-wrapper\"><p>In accordance with our responsibility and business understanding of working with exporting companies, we try to provide the necessary help and support to companies with ISO conditions and CE certified materials. We are proud and respectful to continue our services with this understanding.<\/p><\/div><\/div><\/div><\/div><\/section><\/div> <!-- .tm-element-heading-wrapper container --> <div class=\"themetechmount-progress-bar vc_progress_bar wpb_content_element vc_progress-bar-color-skincolor vc_custom_1715065303299 vc_progress-bar-color-skincolor\"><div class=\"tm-pbar-single-bar-w tm-pbar-icon-false\"><div class=\"vc_general vc_single_bar\"><small class=\"vc_label\">Customer Happiness<\/small> <span class=\"tm-vc_label_units vc_label_units\">100%<\/span><span class=\"vc_bar \" data-percentage-value=\"100\" data-value=\"100\"><\/span><\/div><\/div><div class=\"tm-pbar-single-bar-w tm-pbar-icon-false\"><div class=\"vc_general vc_single_bar\"><small class=\"vc_label\">Original Product<\/small> <span class=\"tm-vc_label_units vc_label_units\">100%<\/span><span class=\"vc_bar \" data-percentage-value=\"100\" data-value=\"100\"><\/span><\/div><\/div><div class=\"tm-pbar-single-bar-w tm-pbar-icon-false\"><div class=\"vc_general vc_single_bar\"><small class=\"vc_label\">Fast Delivery<\/small> <span class=\"tm-vc_label_units vc_label_units\">100%<\/span><span class=\"vc_bar \" data-percentage-value=\"100\" data-value=\"100\"><\/span><\/div><\/div><div class=\"tm-pbar-single-bar-w tm-pbar-icon-false\"><div class=\"vc_general vc_single_bar\"><small class=\"vc_label\">Reasonable Price<\/small> <span class=\"tm-vc_label_units vc_label_units\">100%<\/span><span class=\"vc_bar \" data-percentage-value=\"100\" data-value=\"100\"><\/span><\/div><\/div><\/div>[\/vc_column_inner][\/vc_row_inner][\/vc_column][\/vc_row][vc_row tm_bgcolor=&#8221;darkgrey&#8221; tm_bgimagefixed=&#8221;&#8221; full_width=&#8221;stretch_row&#8221; css=&#8221;.vc_custom_1575608792459{margin-top: -225px !important;padding-top: 275px !important;padding-bottom: 52px !important;background-image: url(http:\/\/anomica.themetechmount.net\/anomica-data\/wp-content\/uploads\/sites\/2\/2019\/12\/post-img-three.jpg?id=1789) !important;background-position: center !important;background-repeat: no-repeat !important;background-size: cover !important;}&#8221; tm_responsive_css=&#8221;22197939|colbreak_no|||||||||colbreak_no|0px||||20px||||colbreak_no||||||||||colbreak_no|||||||||&#8221;][vc_column width=&#8221;1\/4&#8243;]\n\n<div class=\"tm-fid inside tm-fid-with-icon tm-fid-view-topicon tm-fid-no-border\">\n\t<div class=\"tm-fid-icon-wrapper\"><i class=\"kw_anomica flaticon-online-library\"><\/i><\/div>\t<div class=\"tm-fld-contents\">\n\t\t<h4 class=\"tm-fid-inner\">\n\t\t\t\t\t\t<span\n\t\t\t\tdata-appear-animation = \"animateDigits\"\n\t\t\t\tdata-from             = \"0\"\n\t\t\t\tdata-to               = \"295\"\n\t\t\t\tdata-interval         = \"20\"\n\t\t\t\tdata-before           = \"\"\n\t\t\t\tdata-before-style     = \"sup\"\n\t\t\t\tdata-after            = \"\"\n\t\t\t\tdata-after-style      = \"sub\"\n\t\t\t\t>\n\t\t\t\t\t295\t\t\t<\/span>\n\t\t\t\t\t<\/h4>\n\t\t<h3 class=\"tm-fid-title\"><span>Dealership<br><\/span><\/h3>\n\t<\/div><!-- .tm-fld-contents -->\n\t<\/div>\n\n\n\n[\/vc_column][vc_column width=&#8221;1\/4&#8243;]\n\n<div class=\"tm-fid inside tm-fid-with-icon tm-fid-view-topicon tm-fid-no-border\">\n\t<div class=\"tm-fid-icon-wrapper\"><i class=\"kw_anomica flaticon-developer\"><\/i><\/div>\t<div class=\"tm-fld-contents\">\n\t\t<h4 class=\"tm-fid-inner\">\n\t\t\t\t\t\t<span\n\t\t\t\tdata-appear-animation = \"animateDigits\"\n\t\t\t\tdata-from             = \"0\"\n\t\t\t\tdata-to               = \"10000\"\n\t\t\t\tdata-interval         = \"20\"\n\t\t\t\tdata-before           = \"\"\n\t\t\t\tdata-before-style     = \"sup\"\n\t\t\t\tdata-after            = \"\"\n\t\t\t\tdata-after-style      = \"sub\"\n\t\t\t\t>\n\t\t\t\t\t10000\t\t\t<\/span>\n\t\t\t\t\t<\/h4>\n\t\t<h3 class=\"tm-fid-title\"><span>Many Happy Customers<br><\/span><\/h3>\n\t<\/div><!-- .tm-fld-contents -->\n\t<\/div>\n\n\n\n[\/vc_column][vc_column width=&#8221;1\/4&#8243;]\n\n<div class=\"tm-fid inside tm-fid-with-icon tm-fid-view-topicon tm-fid-no-border\">\n\t<div class=\"tm-fid-icon-wrapper\"><i class=\"kw_anomica flaticon-24h\"><\/i><\/div>\t<div class=\"tm-fld-contents\">\n\t\t<h4 class=\"tm-fid-inner\">\n\t\t\t\t\t\t<span\n\t\t\t\tdata-appear-animation = \"animateDigits\"\n\t\t\t\tdata-from             = \"0\"\n\t\t\t\tdata-to               = \"724\"\n\t\t\t\tdata-interval         = \"20\"\n\t\t\t\tdata-before           = \"\"\n\t\t\t\tdata-before-style     = \"sup\"\n\t\t\t\tdata-after            = \"\"\n\t\t\t\tdata-after-style      = \"sub\"\n\t\t\t\t>\n\t\t\t\t\t724\t\t\t<\/span>\n\t\t\t\t\t<\/h4>\n\t\t<h3 class=\"tm-fid-title\"><span>Service<br><\/span><\/h3>\n\t<\/div><!-- .tm-fld-contents -->\n\t<\/div>\n\n\n\n[\/vc_column][vc_column width=&#8221;1\/4&#8243;]\n\n<div class=\"tm-fid inside tm-fid-with-icon tm-fid-view-topicon tm-fid-no-border\">\n\t<div class=\"tm-fid-icon-wrapper\"><i class=\"kw_anomica flaticon-report\"><\/i><\/div>\t<div class=\"tm-fld-contents\">\n\t\t<h4 class=\"tm-fid-inner\">\n\t\t\t\t\t\t<span\n\t\t\t\tdata-appear-animation = \"animateDigits\"\n\t\t\t\tdata-from             = \"0\"\n\t\t\t\tdata-to               = \"5000\"\n\t\t\t\tdata-interval         = \"20\"\n\t\t\t\tdata-before           = \"\"\n\t\t\t\tdata-before-style     = \"sup\"\n\t\t\t\tdata-after            = \"\"\n\t\t\t\tdata-after-style      = \"sub\"\n\t\t\t\t>\n\t\t\t\t\t5000\t\t\t<\/span>\n\t\t\t\t\t<\/h4>\n\t\t<h3 class=\"tm-fid-title\"><span>More Product Range<br><\/span><\/h3>\n\t<\/div><!-- .tm-fld-contents -->\n\t<\/div>\n\n\n\n[\/vc_column][\/vc_row][vc_row tm_bgcolor=&#8221;skincolor&#8221; tm_bgimagefixed=&#8221;&#8221; full_width=&#8221;stretch_row&#8221; css=&#8221;.vc_custom_1574929916712{padding-top: 31px !important;padding-bottom: 30px !important;}&#8221;][vc_column]<div class=\"themetechmount-boxes themetechmount-boxes-client themetechmount-boxes-view-carousel themetechmount-boxes-col-five themetechmount-boxes-sortable- themetechmount-boxes-textalign-center tm-cta3-rev-heading tm-boxes-carousel-arrows-hide\" data-tm-speed=\"1500\" data-tm-autoplay=\"1\" data-tm-autoplayspeed=\"4500\" data-tm-loop=\"1\" data-tm-dots=\"0\" data-tm-nav=\"hide\" data-tm-centermode=\"0\" data-tm-centerpadding=\"300\" data-tm-pauseonfocus=\"1\" data-tm-pauseonhover=\"1\" data-tm-slidestoscroll=\"column\" data-tm-effecttype=\"slide\">\n\t\t<div class=\"themetechmount-boxes-inner themetechmount-boxes-client-inner \">\n\t\t\t\n\t\t\t<div class=\"row multi-columns-row themetechmount-boxes-row-wrapper\">\n\t\t\t\t<div class=\"tm-box-col-wrapper col-lg-20percent col-sm-4 col-md-4 col-xs-12 \"><div class=\"tm-client-logo-box-w\"><div class=\"tm-client-logo-tooltip\" data-tooltip=\"THB Kalayl\u0131o\u011flu\"><span class=\"themetechmount-box themetechmount-box-client themetechmount-box-view-simple-logo themetechmount-client-box-view-simple-logo\">\n\t\n\t\t<span class=\"themetechmount-item-thumbnail\">\n\t\t\t<span class=\"themetechmount-item-thumbnail-inner\">\n\t\t\t\t<img decoding=\"async\" width=\"150\" height=\"150\" src=\"https:\/\/www.thb.com.tr\/en\/wp-content\/uploads\/2025\/01\/Thb-1.jpeg\" class=\"attachment-full size-full wp-post-image\" alt=\"\" data-id=\"2360\" \/>\n\t\t\t<\/span>\n\t\t<\/span><\/span>\n<\/div><\/div><!-- .tm-client-logo-box-w --> <\/div><div class=\"tm-box-col-wrapper col-lg-20percent col-sm-4 col-md-4 col-xs-12 \"><div class=\"tm-client-logo-box-w\"><div class=\"tm-client-logo-tooltip\" data-tooltip=\"Reis Makina\"><span class=\"themetechmount-box themetechmount-box-client themetechmount-box-view-simple-logo themetechmount-client-box-view-simple-logo\">\n\t\n\t\t<span class=\"themetechmount-item-thumbnail\">\n\t\t\t<span class=\"themetechmount-item-thumbnail-inner\">\n\t\t\t\t<img decoding=\"async\" width=\"150\" height=\"150\" src=\"https:\/\/www.thb.com.tr\/en\/wp-content\/uploads\/2019\/09\/timthumb.php_-150x150-1.jpeg\" class=\"attachment-full size-full wp-post-image\" alt=\"\" data-id=\"2122\" \/>\n\t\t\t<\/span>\n\t\t<\/span><\/span>\n<\/div><\/div><!-- .tm-client-logo-box-w --> <\/div><div class=\"tm-box-col-wrapper col-lg-20percent col-sm-4 col-md-4 col-xs-12 \"><div class=\"tm-client-logo-box-w\"><div class=\"tm-client-logo-tooltip\" data-tooltip=\"Beta\"><span class=\"themetechmount-box themetechmount-box-client themetechmount-box-view-simple-logo themetechmount-client-box-view-simple-logo\">\n\t\n\t\t<span class=\"themetechmount-item-thumbnail\">\n\t\t\t<span class=\"themetechmount-item-thumbnail-inner\">\n\t\t\t\t<img decoding=\"async\" width=\"150\" height=\"150\" src=\"https:\/\/www.thb.com.tr\/en\/wp-content\/uploads\/2019\/09\/Beta-Tools-logo-150x150-1.jpg\" class=\"attachment-full size-full wp-post-image\" alt=\"\" data-id=\"2097\" \/>\n\t\t\t<\/span>\n\t\t<\/span><\/span>\n<\/div><\/div><!-- .tm-client-logo-box-w --> <\/div><div class=\"tm-box-col-wrapper col-lg-20percent col-sm-4 col-md-4 col-xs-12 \"><div class=\"tm-client-logo-box-w\"><div class=\"tm-client-logo-tooltip\" data-tooltip=\"Karbosan\"><span class=\"themetechmount-box themetechmount-box-client themetechmount-box-view-simple-logo themetechmount-client-box-view-simple-logo\">\n\t\n\t\t<span class=\"themetechmount-item-thumbnail\">\n\t\t\t<span class=\"themetechmount-item-thumbnail-inner\">\n\t\t\t\t<img loading=\"lazy\" decoding=\"async\" width=\"150\" height=\"150\" src=\"https:\/\/www.thb.com.tr\/en\/wp-content\/uploads\/2019\/09\/karbosan-150x150-1.jpeg\" class=\"attachment-full size-full wp-post-image\" alt=\"\" data-id=\"2085\" \/>\n\t\t\t<\/span>\n\t\t<\/span><\/span>\n<\/div><\/div><!-- .tm-client-logo-box-w --> <\/div><div class=\"tm-box-col-wrapper col-lg-20percent col-sm-4 col-md-4 col-xs-12 \"><div class=\"tm-client-logo-box-w\"><div class=\"tm-client-logo-tooltip\" data-tooltip=\"Atlas\"><span class=\"themetechmount-box themetechmount-box-client themetechmount-box-view-simple-logo themetechmount-client-box-view-simple-logo\">\n\t\n\t\t<span class=\"themetechmount-item-thumbnail\">\n\t\t\t<span class=\"themetechmount-item-thumbnail-inner\">\n\t\t\t\t<img loading=\"lazy\" decoding=\"async\" width=\"150\" height=\"150\" src=\"https:\/\/www.thb.com.tr\/en\/wp-content\/uploads\/2024\/06\/Atlas.jpg\" class=\"attachment-full size-full wp-post-image\" alt=\"\" data-id=\"2313\" \/>\n\t\t\t<\/span>\n\t\t<\/span><\/span>\n<\/div><\/div><!-- .tm-client-logo-box-w --> <\/div><div class=\"tm-box-col-wrapper col-lg-20percent col-sm-4 col-md-4 col-xs-12 \"><div class=\"tm-client-logo-box-w\"><div class=\"tm-client-logo-tooltip\" data-tooltip=\"\u0130zelta\u015f\"><span class=\"themetechmount-box themetechmount-box-client themetechmount-box-view-simple-logo themetechmount-client-box-view-simple-logo\">\n\t\n\t\t<span class=\"themetechmount-item-thumbnail\">\n\t\t\t<span class=\"themetechmount-item-thumbnail-inner\">\n\t\t\t\t<img loading=\"lazy\" decoding=\"async\" width=\"150\" height=\"150\" src=\"https:\/\/www.thb.com.tr\/en\/wp-content\/uploads\/2019\/09\/izelt-150x150-1.jpg\" class=\"attachment-full size-full wp-post-image\" alt=\"\" data-id=\"2106\" \/>\n\t\t\t<\/span>\n\t\t<\/span><\/span>\n<\/div><\/div><!-- .tm-client-logo-box-w --> <\/div><div class=\"tm-box-col-wrapper col-lg-20percent col-sm-4 col-md-4 col-xs-12 \"><div class=\"tm-client-logo-box-w\"><div class=\"tm-client-logo-tooltip\" data-tooltip=\"Kanca\"><span class=\"themetechmount-box themetechmount-box-client themetechmount-box-view-simple-logo themetechmount-client-box-view-simple-logo\">\n\t\n\t\t<span class=\"themetechmount-item-thumbnail\">\n\t\t\t<span class=\"themetechmount-item-thumbnail-inner\">\n\t\t\t\t<img loading=\"lazy\" decoding=\"async\" width=\"150\" height=\"150\" src=\"https:\/\/www.thb.com.tr\/en\/wp-content\/uploads\/2019\/09\/kanca-150x150-1.png\" class=\"attachment-full size-full wp-post-image\" alt=\"\" data-id=\"2107\" \/>\n\t\t\t<\/span>\n\t\t<\/span><\/span>\n<\/div><\/div><!-- .tm-client-logo-box-w --> <\/div><div class=\"tm-box-col-wrapper col-lg-20percent col-sm-4 col-md-4 col-xs-12 \"><div class=\"tm-client-logo-box-w\"><div class=\"tm-client-logo-tooltip\" data-tooltip=\"Makita\"><span class=\"themetechmount-box themetechmount-box-client themetechmount-box-view-simple-logo themetechmount-client-box-view-simple-logo\">\n\t\n\t\t<span class=\"themetechmount-item-thumbnail\">\n\t\t\t<span class=\"themetechmount-item-thumbnail-inner\">\n\t\t\t\t<img loading=\"lazy\" decoding=\"async\" width=\"150\" height=\"150\" src=\"https:\/\/www.thb.com.tr\/en\/wp-content\/uploads\/2019\/09\/makita-logo-vector-01-150x150-1.png\" class=\"attachment-full size-full wp-post-image\" alt=\"\" data-id=\"2111\" \/>\n\t\t\t<\/span>\n\t\t<\/span><\/span>\n<\/div><\/div><!-- .tm-client-logo-box-w --> <\/div><div class=\"tm-box-col-wrapper col-lg-20percent col-sm-4 col-md-4 col-xs-12 \"><div class=\"tm-client-logo-box-w\"><div class=\"tm-client-logo-tooltip\" data-tooltip=\"Matsan\"><span class=\"themetechmount-box themetechmount-box-client themetechmount-box-view-simple-logo themetechmount-client-box-view-simple-logo\">\n\t\n\t\t<span class=\"themetechmount-item-thumbnail\">\n\t\t\t<span class=\"themetechmount-item-thumbnail-inner\">\n\t\t\t\t<img loading=\"lazy\" decoding=\"async\" width=\"150\" height=\"150\" src=\"https:\/\/www.thb.com.tr\/en\/wp-content\/uploads\/2019\/09\/matsan-150x150-1.jpg\" class=\"attachment-full size-full wp-post-image\" alt=\"\" data-id=\"2112\" \/>\n\t\t\t<\/span>\n\t\t<\/span><\/span>\n<\/div><\/div><!-- .tm-client-logo-box-w --> <\/div><div class=\"tm-box-col-wrapper col-lg-20percent col-sm-4 col-md-4 col-xs-12 \"><div class=\"tm-client-logo-box-w\"><div class=\"tm-client-logo-tooltip\" data-tooltip=\"Milwaukee\"><span class=\"themetechmount-box themetechmount-box-client themetechmount-box-view-simple-logo themetechmount-client-box-view-simple-logo\">\n\t\n\t\t<span class=\"themetechmount-item-thumbnail\">\n\t\t\t<span class=\"themetechmount-item-thumbnail-inner\">\n\t\t\t\t<img loading=\"lazy\" decoding=\"async\" width=\"150\" height=\"150\" src=\"https:\/\/www.thb.com.tr\/en\/wp-content\/uploads\/2019\/09\/mil-150x150-1.png\" class=\"attachment-full size-full wp-post-image\" alt=\"\" data-id=\"2113\" \/>\n\t\t\t<\/span>\n\t\t<\/span><\/span>\n<\/div><\/div><!-- .tm-client-logo-box-w --> <\/div><div class=\"tm-box-col-wrapper col-lg-20percent col-sm-4 col-md-4 col-xs-12 \"><div class=\"tm-client-logo-box-w\"><div class=\"tm-client-logo-tooltip\" data-tooltip=\"Kawasaki\"><span class=\"themetechmount-box themetechmount-box-client themetechmount-box-view-simple-logo themetechmount-client-box-view-simple-logo\">\n\t\n\t\t<span class=\"themetechmount-item-thumbnail\">\n\t\t\t<span class=\"themetechmount-item-thumbnail-inner\">\n\t\t\t\t<img loading=\"lazy\" decoding=\"async\" width=\"150\" height=\"150\" src=\"https:\/\/www.thb.com.tr\/en\/wp-content\/uploads\/2019\/09\/157814-150x150-1.jpg\" class=\"attachment-full size-full wp-post-image\" alt=\"\" data-id=\"2088\" \/>\n\t\t\t<\/span>\n\t\t<\/span><\/span>\n<\/div><\/div><!-- .tm-client-logo-box-w --> <\/div><div class=\"tm-box-col-wrapper col-lg-20percent col-sm-4 col-md-4 col-xs-12 \"><div class=\"tm-client-logo-box-w\"><div class=\"tm-client-logo-tooltip\" data-tooltip=\"V\u00f6lkel\"><span class=\"themetechmount-box themetechmount-box-client themetechmount-box-view-simple-logo themetechmount-client-box-view-simple-logo\">\n\t\n\t\t<span class=\"themetechmount-item-thumbnail\">\n\t\t\t<span class=\"themetechmount-item-thumbnail-inner\">\n\t\t\t\t<img loading=\"lazy\" decoding=\"async\" width=\"150\" height=\"150\" src=\"https:\/\/www.thb.com.tr\/en\/wp-content\/uploads\/2019\/09\/1378230779-150x150-1.jpg\" class=\"attachment-full size-full wp-post-image\" alt=\"\" data-id=\"2089\" \/>\n\t\t\t<\/span>\n\t\t<\/span><\/span>\n<\/div><\/div><!-- .tm-client-logo-box-w --> <\/div><div class=\"tm-box-col-wrapper col-lg-20percent col-sm-4 col-md-4 col-xs-12 \"><div class=\"tm-client-logo-box-w\"><div class=\"tm-client-logo-tooltip\" data-tooltip=\"Bosch\"><span class=\"themetechmount-box themetechmount-box-client themetechmount-box-view-simple-logo themetechmount-client-box-view-simple-logo\">\n\t\n\t\t<span class=\"themetechmount-item-thumbnail\">\n\t\t\t<span class=\"themetechmount-item-thumbnail-inner\">\n\t\t\t\t<img loading=\"lazy\" decoding=\"async\" width=\"150\" height=\"150\" src=\"https:\/\/www.thb.com.tr\/en\/wp-content\/uploads\/2019\/09\/bosch8-150x150-1.png\" class=\"attachment-full size-full wp-post-image\" alt=\"\" data-id=\"2098\" \/>\n\t\t\t<\/span>\n\t\t<\/span><\/span>\n<\/div><\/div><!-- .tm-client-logo-box-w --> <\/div><div class=\"tm-box-col-wrapper col-lg-20percent col-sm-4 col-md-4 col-xs-12 \"><div class=\"tm-client-logo-box-w\"><div class=\"tm-client-logo-tooltip\" data-tooltip=\"Fisco\"><span class=\"themetechmount-box themetechmount-box-client themetechmount-box-view-simple-logo themetechmount-client-box-view-simple-logo\">\n\t\n\t\t<span class=\"themetechmount-item-thumbnail\">\n\t\t\t<span class=\"themetechmount-item-thumbnail-inner\">\n\t\t\t\t<img loading=\"lazy\" decoding=\"async\" width=\"150\" height=\"150\" src=\"https:\/\/www.thb.com.tr\/en\/wp-content\/uploads\/2019\/09\/fisco-e1609612105546-150x150-1.jpg\" class=\"attachment-full size-full wp-post-image\" alt=\"\" data-id=\"2101\" \/>\n\t\t\t<\/span>\n\t\t<\/span><\/span>\n<\/div><\/div><!-- .tm-client-logo-box-w --> <\/div><div class=\"tm-box-col-wrapper col-lg-20percent col-sm-4 col-md-4 col-xs-12 \"><div class=\"tm-client-logo-box-w\"><div class=\"tm-client-logo-tooltip\" data-tooltip=\"Fuji\"><span class=\"themetechmount-box themetechmount-box-client themetechmount-box-view-simple-logo themetechmount-client-box-view-simple-logo\">\n\t\n\t\t<span class=\"themetechmount-item-thumbnail\">\n\t\t\t<span class=\"themetechmount-item-thumbnail-inner\">\n\t\t\t\t<img loading=\"lazy\" decoding=\"async\" width=\"150\" height=\"150\" src=\"https:\/\/www.thb.com.tr\/en\/wp-content\/uploads\/2019\/09\/fuji-logo-150x150-1.jpg\" class=\"attachment-full size-full wp-post-image\" alt=\"\" data-id=\"2102\" \/>\n\t\t\t<\/span>\n\t\t<\/span><\/span>\n<\/div><\/div><!-- .tm-client-logo-box-w --> <\/div>\n\t\t\t<\/div>\n\t\t<\/div><!-- .themetechmount-boxes-inner -->   <\/div><!-- .themetechmount-boxes -->  [\/vc_column][\/vc_row]<\/p>\n<\/div>","protected":false},"excerpt":{"rendered":"<p>[vc_row tm_bgimagefixed=&#8221;&#8221; break_in_responsive=&#8221;991&#8243; full_width=&#8221;stretch_row&#8221; css=&#8221;.vc_custom_1574930574281{padding-bottom: 71px !important;}&#8221; tm_responsive_css=&#8221;11067458|colbreak_no|||||||||colbreak_no|||||50px||40px||colbreak_no||||||||||colbreak_no|||||||||&#8221;][vc_column width=&#8221;1\/2&#8243; css=&#8221;.vc_custom_1574930176063{padding-top: 72px !important;}&#8221; tm_responsive_css=&#8221;63397116|colbreak_no|||||||||colbreak_no|||||0px|15px|||colbreak_no||||||||||colbreak_no|||||||||&#8221;][vc_row_inner][vc_column_inner][vc_column_text]In February 1981, our company was founded in Karak\u00f6y &#8220;Thursday Market&#8221;\u00a0by Architect Burhan Kalayl\u0131o\u011flu and deceased manager H\u00fcseyin Kalayl\u0131o\u011flu. Our entry into the hardware market was through the Karak\u00f6y dealership and sale of the THB Die Set manufactured by Turhan Kalayl\u0131o\u011flu (the first &hellip; <a href=\"https:\/\/www.thb.com.tr\/en\/client\/fuji\/\" class=\"more-link\">Continue reading <span class=\"screen-reader-text\">Fuji<\/span><\/a><\/p>\n","protected":false},"author":1,"featured_media":0,"parent":0,"menu_order":5,"comment_status":"closed","ping_status":"closed","template":"","meta":{"_monsterinsights_skip_tracking":false,"_monsterinsights_sitenote_active":false,"_monsterinsights_sitenote_note":"","_monsterinsights_sitenote_category":0,"_joinchat":[],"footnotes":""},"aioseo_notices":[],"_links":{"self":[{"href":"https:\/\/www.thb.com.tr\/en\/wp-json\/wp\/v2\/pages\/737"}],"collection":[{"href":"https:\/\/www.thb.com.tr\/en\/wp-json\/wp\/v2\/pages"}],"about":[{"href":"https:\/\/www.thb.com.tr\/en\/wp-json\/wp\/v2\/types\/page"}],"author":[{"embeddable":true,"href":"https:\/\/www.thb.com.tr\/en\/wp-json\/wp\/v2\/users\/1"}],"replies":[{"embeddable":true,"href":"https:\/\/www.thb.com.tr\/en\/wp-json\/wp\/v2\/comments?post=737"}],"version-history":[{"count":12,"href":"https:\/\/www.thb.com.tr\/en\/wp-json\/wp\/v2\/pages\/737\/revisions"}],"predecessor-version":[{"id":2325,"href":"https:\/\/www.thb.com.tr\/en\/wp-json\/wp\/v2\/pages\/737\/revisions\/2325"}],"wp:attachment":[{"href":"https:\/\/www.thb.com.tr\/en\/wp-json\/wp\/v2\/media?parent=737"}],"curies":[{"name":"wp","href":"https:\/\/api.w.org\/{rel}","templated":true}]}}